{"id":118,"date":"2024-04-10T10:12:29","date_gmt":"2024-04-10T08:12:29","guid":{"rendered":"http:\/\/pixelgrade.com\/demos\/mies\/?page_id=118"},"modified":"2025-03-13T16:14:21","modified_gmt":"2025-03-13T15:14:21","slug":"frontpage","status":"publish","type":"page","link":"https:\/\/oliverdesign.es\/en\/","title":{"rendered":"Oliver Design"},"content":{"rendered":"<!--\n[row cols_nr=\"1\"]\n[col size=\"12\"]\n\n\n<p class=\"eslogan\">ARCHITECTURE OF THE SEA<\/p>\n\n\n\n[\/col]\n[\/row]\n\n\n<p class=\"intro big\" style=\"text-align: center;\">We\u2019ve been creating naval architecture and design projects since 1965. From interior outfitting to complete superstructure designs, we provide a complete service for all types of client.<\/p>\n\n\n\n--><\/p>\n<div class=\"pixcode  pixcode--grid  grid  \">\n\n<div class=\"grid__item lap-six-twelfths\">\n\n<p><iframe loading=\"lazy\" title=\"oliver_design_en (Original).mp4\" src=\"https:\/\/player.vimeo.com\/video\/764958045?dnt=1&amp;app_id=122963\" width=\"500\" height=\"281\" frameborder=\"0\" allow=\"autoplay; fullscreen; picture-in-picture; clipboard-write; encrypted-media; web-share\" referrerpolicy=\"strict-origin-when-cross-origin\"><\/iframe><\/p>\n\n<\/div>\n\n<div class=\"grid__item lap-six-twelfths\">\n\n<p class=\"eslogan\">ARCHITECTURE OF THE SEA<\/p>\n<p class=\"intro big\">OLIVER DESIGN specialises in Naval Design and Interiors Outfitting<\/p>\n\n<\/div>\n\n\n<\/div>\n\n<p class=\"intro big\" style=\"text-align: center;\">Building on over 50 years experience providing the highest standards of service in the design of all kind of vessels, it has forged a reputation as an industry benchmark, renowned for its creative designs.<\/p>\n<p class=\"intro\" style=\"text-align: center;\">Since 1990, the firm has extended its offer to include turnkey interior outfitting. In every project, Oliver Design strives to optimize three key aspects for its clients: innovative design, quality execution and prompt delivery.<\/p>","protected":false},"excerpt":{"rendered":"<p>Building on over 50 years experience providing the highest standards of service in the design of all kind of vessels, it has forged a reputation as an industry benchmark, renowned for its creative designs. Since 1990, the firm has extended its offer to include turnkey interior outfitting. In every project, Oliver Design strives to optimize..<\/p>\n","protected":false},"author":1,"featured_media":0,"parent":0,"menu_order":0,"comment_status":"closed","ping_status":"closed","template":"","meta":{"footnotes":""},"yoast_head":"<!-- This site is optimized with the Yoast SEO plugin v23.0 - https:\/\/yoast.com\/wordpress\/plugins\/seo\/ -->\n<title>Oliver Design | Dise\u00f1o naval y adaptaci\u00f3n de interiores para barcos<\/title>\n<meta name=\"description\" content=\"Los m\u00e1s altos est\u00e1ndares de calidad en dise\u00f1o de todo tipo de buques desde hace m\u00e1s de 50 a\u00f1os. Habilitaci\u00f3n de interiores llave en mano\" \/>\n<meta name=\"robots\" content=\"index, follow, max-snippet:-1, max-image-preview:large, max-video-preview:-1\" \/>\n<meta property=\"og:locale\" content=\"en_US\" \/>\n<meta property=\"og:type\" content=\"article\" \/>\n<meta property=\"og:title\" content=\"Oliver Design | Dise\u00f1o naval y adaptaci\u00f3n de interiores para barcos\" \/>\n<meta property=\"og:description\" content=\"Los m\u00e1s altos est\u00e1ndares de calidad en dise\u00f1o de todo tipo de buques desde hace m\u00e1s de 50 a\u00f1os. Habilitaci\u00f3n de interiores llave en mano\" \/>\n<meta property=\"og:url\" content=\"https:\/\/oliverdesign.es\/\" \/>\n<meta property=\"og:site_name\" content=\"Naval Architecture, Interior Design, Accommodation outfitting\" \/>\n<meta property=\"article:modified_time\" content=\"2025-03-13T15:14:21+00:00\" \/>\n<meta name=\"twitter:card\" content=\"summary_large_image\" \/>\n<meta name=\"twitter:label1\" content=\"Est. reading time\" \/>\n\t<meta name=\"twitter:data1\" content=\"1 minute\" \/>\n<script type=\"application\/ld+json\" class=\"yoast-schema-graph\">{\"@context\":\"https:\/\/schema.org\",\"@graph\":[{\"@type\":\"WebPage\",\"@id\":\"https:\/\/oliverdesign.es\/\",\"url\":\"https:\/\/oliverdesign.es\/\",\"name\":\"Oliver Design | Dise\u00f1o naval y adaptaci\u00f3n de interiores para barcos\",\"isPartOf\":{\"@id\":\"https:\/\/oliverdesign.es\/#website\"},\"datePublished\":\"2024-04-10T08:12:29+00:00\",\"dateModified\":\"2025-03-13T15:14:21+00:00\",\"description\":\"Los m\u00e1s altos est\u00e1ndares de calidad en dise\u00f1o de todo tipo de buques desde hace m\u00e1s de 50 a\u00f1os. Habilitaci\u00f3n de interiores llave en mano\",\"breadcrumb\":{\"@id\":\"https:\/\/oliverdesign.es\/#breadcrumb\"},\"inLanguage\":\"en-US\",\"potentialAction\":[{\"@type\":\"ReadAction\",\"target\":[\"https:\/\/oliverdesign.es\/\"]}]},{\"@type\":\"BreadcrumbList\",\"@id\":\"https:\/\/oliverdesign.es\/#breadcrumb\",\"itemListElement\":[{\"@type\":\"ListItem\",\"position\":1,\"name\":\"Portada\",\"item\":\"https:\/\/oliverdesign.es\/\"},{\"@type\":\"ListItem\",\"position\":2,\"name\":\"Oliver Design\"}]},{\"@type\":\"WebSite\",\"@id\":\"https:\/\/oliverdesign.es\/#website\",\"url\":\"https:\/\/oliverdesign.es\/\",\"name\":\"Naval Architecture, Interior Design, Accommodation outfitting\",\"description\":\"Naval Architecture, Interior Design, Accommodation outfitting\",\"potentialAction\":[{\"@type\":\"SearchAction\",\"target\":{\"@type\":\"EntryPoint\",\"urlTemplate\":\"https:\/\/oliverdesign.es\/?s={search_term_string}\"},\"query-input\":\"required name=search_term_string\"}],\"inLanguage\":\"en-US\"}]}<\/script>\n<!-- \/ Yoast SEO plugin. -->","yoast_head_json":{"title":"Oliver Design | Dise\u00f1o naval y adaptaci\u00f3n de interiores para barcos","description":"Los m\u00e1s altos est\u00e1ndares de calidad en dise\u00f1o de todo tipo de buques desde hace m\u00e1s de 50 a\u00f1os. Habilitaci\u00f3n de interiores llave en mano","robots":{"index":"index","follow":"follow","max-snippet":"max-snippet:-1","max-image-preview":"max-image-preview:large","max-video-preview":"max-video-preview:-1"},"og_locale":"en_US","og_type":"article","og_title":"Oliver Design | Dise\u00f1o naval y adaptaci\u00f3n de interiores para barcos","og_description":"Los m\u00e1s altos est\u00e1ndares de calidad en dise\u00f1o de todo tipo de buques desde hace m\u00e1s de 50 a\u00f1os. Habilitaci\u00f3n de interiores llave en mano","og_url":"https:\/\/oliverdesign.es\/","og_site_name":"Naval Architecture, Interior Design, Accommodation outfitting","article_modified_time":"2025-03-13T15:14:21+00:00","twitter_card":"summary_large_image","twitter_misc":{"Est. reading time":"1 minute"},"schema":{"@context":"https:\/\/schema.org","@graph":[{"@type":"WebPage","@id":"https:\/\/oliverdesign.es\/","url":"https:\/\/oliverdesign.es\/","name":"Oliver Design | Dise\u00f1o naval y adaptaci\u00f3n de interiores para barcos","isPartOf":{"@id":"https:\/\/oliverdesign.es\/#website"},"datePublished":"2024-04-10T08:12:29+00:00","dateModified":"2025-03-13T15:14:21+00:00","description":"Los m\u00e1s altos est\u00e1ndares de calidad en dise\u00f1o de todo tipo de buques desde hace m\u00e1s de 50 a\u00f1os. Habilitaci\u00f3n de interiores llave en mano","breadcrumb":{"@id":"https:\/\/oliverdesign.es\/#breadcrumb"},"inLanguage":"en-US","potentialAction":[{"@type":"ReadAction","target":["https:\/\/oliverdesign.es\/"]}]},{"@type":"BreadcrumbList","@id":"https:\/\/oliverdesign.es\/#breadcrumb","itemListElement":[{"@type":"ListItem","position":1,"name":"Portada","item":"https:\/\/oliverdesign.es\/"},{"@type":"ListItem","position":2,"name":"Oliver Design"}]},{"@type":"WebSite","@id":"https:\/\/oliverdesign.es\/#website","url":"https:\/\/oliverdesign.es\/","name":"Naval Architecture, Interior Design, Accommodation outfitting","description":"Naval Architecture, Interior Design, Accommodation outfitting","potentialAction":[{"@type":"SearchAction","target":{"@type":"EntryPoint","urlTemplate":"https:\/\/oliverdesign.es\/?s={search_term_string}"},"query-input":"required name=search_term_string"}],"inLanguage":"en-US"}]}},"_links":{"self":[{"href":"https:\/\/oliverdesign.es\/en\/wp-json\/wp\/v2\/pages\/118"}],"collection":[{"href":"https:\/\/oliverdesign.es\/en\/wp-json\/wp\/v2\/pages"}],"about":[{"href":"https:\/\/oliverdesign.es\/en\/wp-json\/wp\/v2\/types\/page"}],"author":[{"embeddable":true,"href":"https:\/\/oliverdesign.es\/en\/wp-json\/wp\/v2\/users\/1"}],"replies":[{"embeddable":true,"href":"https:\/\/oliverdesign.es\/en\/wp-json\/wp\/v2\/comments?post=118"}],"version-history":[{"count":58,"href":"https:\/\/oliverdesign.es\/en\/wp-json\/wp\/v2\/pages\/118\/revisions"}],"predecessor-version":[{"id":5558,"href":"https:\/\/oliverdesign.es\/en\/wp-json\/wp\/v2\/pages\/118\/revisions\/5558"}],"wp:attachment":[{"href":"https:\/\/oliverdesign.es\/en\/wp-json\/wp\/v2\/media?parent=118"}],"curies":[{"name":"wp","href":"https:\/\/api.w.org\/{rel}","templated":true}]}}